{"id":5,"date":"2016-10-11T19:37:26","date_gmt":"2016-10-11T19:37:26","guid":{"rendered":"http:\/\/foerderverein-kirche-redlin.de\/?page_id=5"},"modified":"2023-04-30T19:42:33","modified_gmt":"2023-04-30T19:42:33","slug":"willkommen","status":"publish","type":"page","link":"https:\/\/foerderverein-kirche-redlin.de\/","title":{"rendered":"Willkommen"},"content":{"rendered":"<p class=\"paragraph_style\"><img loading=\"lazy\" decoding=\"async\" class=\"alignnone size-medium wp-image-27\" src=\"https:\/\/foerderverein-kirche-redlin.de\/wp-content\/uploads\/2016\/10\/IMG_3252-300x200.jpg\" alt=\"img_3252\" width=\"300\" height=\"200\" srcset=\"https:\/\/foerderverein-kirche-redlin.de\/wp-content\/uploads\/2016\/10\/IMG_3252-300x200.jpg 300w, https:\/\/foerderverein-kirche-redlin.de\/wp-content\/uploads\/2016\/10\/IMG_3252-768x512.jpg 768w, https:\/\/foerderverein-kirche-redlin.de\/wp-content\/uploads\/2016\/10\/IMG_3252-1024x683.jpg 1024w, https:\/\/foerderverein-kirche-redlin.de\/wp-content\/uploads\/2016\/10\/IMG_3252-800x533.jpg 800w\" sizes=\"auto, (max-width: 300px) 100vw, 300px\" \/><\/p>\n<p class=\"paragraph_style\">Das Dorf Redlin liegt in Mecklenburg-Vorpommern an der Landesgrenze zu Brandenburg und hat die j\u00fcngste der Kirchen auf Siggelkower Gebiet. Erst 1876 wurde das im Drei\u00dfigj\u00e4hrigen Krieg zerst\u00f6rte Gotteshaus wieder aufgebaut. Damals geh\u00f6rte Redlin noch zu Preu\u00dfen, es ist also nicht beg\u00fcnstigt durch die Mecklenburger Patronatsvereinbarungen.<\/p>\n<p class=\"paragraph_style\">Der F\u00f6rderverein Kirche Redlin e. V. wurde 2006 gegr\u00fcndet. Viele der Einwohnerinnen und Einwohner Redlins sind Mitglieder. Prim\u00e4res Ziel des Vereins ist die Unterst\u00fctzung der Arbeit der Kirchengemeinde bei der geplanten Renovierung der Dorfkirche.<\/p>\n<p class=\"paragraph_style\">Die Schwerpunkte der geplanten Arbeiten betreffen die Turmfassade und die Verankerungen der Balken, welche den Dachstuhl und die Holzdecke tragen. Es geht um eine sinnvolle Bestandssicherung im gr\u00f6\u00dferen Stil, die den Turm, das Tragwerk und Dach, die defekten Fenster, die Decke und den Innenraum beinhaltet.<\/p>\n<p class=\"paragraph_style\">F\u00fcr die Sanierung sind weit mehr finanzielle Mittel erforderlich, als aktuell zur Verf\u00fcgung stehen. Wir freuen uns daher \u00fcber jede Spende oder Mitgliedschaft.<\/p>\n<p class=\"paragraph_style\">Es bestehen Kooperationen des Vereins mit der Feuerwehr, dem \u00f6rtlichen Motorradklub und der Kunstscheune Redlin. In Zusammenarbeit mit der\u00a0<a title=\"http:\/\/www.gemeinde-siggelkow.de\/index.php?option=com_content&amp;view=article&amp;id=104&amp;Itemid=95\" href=\"http:\/\/www.gemeinde-siggelkow.de\/index.php?option=com_content&amp;view=article&amp;id=104&amp;Itemid=95\" target=\"_blank\" rel=\"noopener\">Kirchengemeinde Gro\u00df Pankow<\/a>\u00a0finden regelm\u00e4\u00dfig Veranstaltungen statt.<\/p>\n<p class=\"paragraph_style\">Aktuelles und Ank\u00fcndigungen geplanter Veranstaltungen finden Sie auf der Seite \u201e<a href=\"https:\/\/foerderverein-kirche-redlin.de\/?page_id=37\">BLOG &#8211; Aktuelles<\/a>\u201c.<\/p>\n<p>E-Mail: <a href=\"mailto:info@foerderverein-kirche-redlin.de\">info@foerderverein-kirche-redlin.de<\/a><\/p>\n","protected":false},"excerpt":{"rendered":"<p>Das Dorf Redlin liegt in Mecklenburg-Vorpommern an der Landesgrenze zu Brandenburg und hat die j\u00fcngste der Kirchen auf Siggelkower Gebiet. Erst 1876 wurde das im Drei\u00dfigj\u00e4hrigen Krieg zerst\u00f6rte Gotteshaus wieder aufgebaut. Damals geh\u00f6rte Redlin noch zu Preu\u00dfen, es ist also nicht beg\u00fcnstigt durch die Mecklenburger Patronatsvereinbarungen. Der F\u00f6rderverein Kirche Redlin e. V. wurde 2006 gegr\u00fcndet. &hellip; <a href=\"https:\/\/foerderverein-kirche-redlin.de\/\" class=\"more-link\"><span class=\"screen-reader-text\">Willkommen<\/span> weiterlesen<\/a><\/p>\n","protected":false},"author":1,"featured_media":0,"parent":0,"menu_order":0,"comment_status":"closed","ping_status":"closed","template":"","meta":{"footnotes":""},"class_list":["post-5","page","type-page","status-publish","hentry"],"_links":{"self":[{"href":"https:\/\/foerderverein-kirche-redlin.de\/index.php?rest_route=\/wp\/v2\/pages\/5","targetHints":{"allow":["GET"]}}],"collection":[{"href":"https:\/\/foerderverein-kirche-redlin.de\/index.php?rest_route=\/wp\/v2\/pages"}],"about":[{"href":"https:\/\/foerderverein-kirche-redlin.de\/index.php?rest_route=\/wp\/v2\/types\/page"}],"author":[{"embeddable":true,"href":"https:\/\/foerderverein-kirche-redlin.de\/index.php?rest_route=\/wp\/v2\/users\/1"}],"replies":[{"embeddable":true,"href":"https:\/\/foerderverein-kirche-redlin.de\/index.php?rest_route=%2Fwp%2Fv2%2Fcomments&post=5"}],"version-history":[{"count":6,"href":"https:\/\/foerderverein-kirche-redlin.de\/index.php?rest_route=\/wp\/v2\/pages\/5\/revisions"}],"predecessor-version":[{"id":171,"href":"https:\/\/foerderverein-kirche-redlin.de\/index.php?rest_route=\/wp\/v2\/pages\/5\/revisions\/171"}],"wp:attachment":[{"href":"https:\/\/foerderverein-kirche-redlin.de\/index.php?rest_route=%2Fwp%2Fv2%2Fmedia&parent=5"}],"curies":[{"name":"wp","href":"https:\/\/api.w.org\/{rel}","templated":true}]}}